{"id":1186,"date":"2024-03-21T10:18:49","date_gmt":"2024-03-21T09:18:49","guid":{"rendered":"https:\/\/ld-holdings.com\/?page_id=1186"},"modified":"2025-11-25T18:20:23","modified_gmt":"2025-11-25T17:20:23","slug":"notre-valeur-ajoute","status":"publish","type":"page","link":"https:\/\/ld-holdings.com\/en\/notre-valeur-ajoute\/","title":{"rendered":"Our added value"},"content":{"rendered":"<div data-elementor-type=\"wp-page\" data-elementor-id=\"1186\" class=\"elementor elementor-1186\" data-elementor-post-type=\"page\">\n\t\t\t\t\t\t<section class=\"elementor-section elementor-top-section elementor-element elementor-element-6209c3b elementor-section-boxed elementor-section-height-default elementor-section-height-default\" data-id=\"6209c3b\" data-element_type=\"section\" data-settings=\"{&quot;background_background&quot;:&quot;classic&quot;}\">\n\t\t\t\t\t\t<div class=\"elementor-container elementor-column-gap-default\">\n\t\t\t\t\t<div class=\"elementor-column elementor-col-100 elementor-top-column elementor-element elementor-element-5633710\" data-id=\"5633710\" data-element_type=\"column\">\n\t\t\t<div class=\"elementor-widget-wrap elementor-element-populated\">\n\t\t\t\t\t\t<div class=\"elementor-element elementor-element-b82b060 elementor-widget elementor-widget-heading\" data-id=\"b82b060\" data-element_type=\"widget\" data-widget_type=\"heading.default\">\n\t\t\t\t<div class=\"elementor-widget-container\">\n\t\t\t<h2 class=\"elementor-heading-title elementor-size-default\">Our added value<\/h2>\t\t<\/div>\n\t\t\t\t<\/div>\n\t\t\t\t\t<\/div>\n\t\t<\/div>\n\t\t\t\t\t<\/div>\n\t\t<\/section>\n\t\t<div class=\"elementor-element elementor-element-7b412e9 e-flex e-con-boxed e-con e-parent\" data-id=\"7b412e9\" data-element_type=\"container\" data-settings=\"{&quot;container_type&quot;:&quot;flex&quot;,&quot;content_width&quot;:&quot;boxed&quot;}\" data-core-v316-plus=\"true\">\n\t\t\t\t\t<div class=\"e-con-inner\">\n\t\t\t\t<div class=\"elementor-element elementor-element-f140174 elementor-widget elementor-widget-menu-anchor\" data-id=\"f140174\" data-element_type=\"widget\" data-widget_type=\"menu-anchor.default\">\n\t\t\t\t<div class=\"elementor-widget-container\">\n\t\t\t\t\t<div id=\"struct\" class=\"elementor-menu-anchor\"><\/div>\n\t\t\t\t<\/div>\n\t\t\t\t<\/div>\n\t\t\t\t\t<\/div>\n\t\t\t\t<\/div>\n\t\t<div class=\"elementor-element elementor-element-d026711 e-flex e-con-boxed e-con e-parent\" data-id=\"d026711\" data-element_type=\"container\" data-settings=\"{&quot;background_background&quot;:&quot;classic&quot;,&quot;container_type&quot;:&quot;flex&quot;,&quot;content_width&quot;:&quot;boxed&quot;}\" data-core-v316-plus=\"true\">\n\t\t\t\t\t<div class=\"e-con-inner\">\n\t\t<div class=\"elementor-element elementor-element-ef42b2d e-con-full e-flex e-con e-child\" data-id=\"ef42b2d\" data-element_type=\"container\" data-settings=\"{&quot;content_width&quot;:&quot;full&quot;,&quot;container_type&quot;:&quot;flex&quot;}\">\n\t\t\t\t<div class=\"elementor-element elementor-element-96bf767 elementor-widget elementor-widget-gva-heading-block\" data-id=\"96bf767\" data-element_type=\"widget\" data-settings=\"{&quot;_animation&quot;:&quot;none&quot;}\" data-widget_type=\"gva-heading-block.default\">\n\t\t\t\t<div class=\"elementor-widget-container\">\n\t\t\t<div class=\"gva-element-gva-heading-block gva-element\">   <div class=\"align-left style-1 widget gsc-heading box-align-left auto-responsive\">\r\n      <div class=\"content-inner\">\r\n         \r\n                  \r\n         <div class=\"sub-title\"><span class=\"tagline\">Strategic Support and Governance <\/span><\/div>  \r\n         \r\n                     <h2 class=\"title\">\r\n               <span>Align the vision, secure the performance<\/span>\r\n            <\/h2>\r\n                  \r\n         \r\n         \r\n      <\/div>\r\n   <\/div>\r\n<\/div>\t\t<\/div>\n\t\t\t\t<\/div>\n\t\t\t\t<div class=\"elementor-element elementor-element-c77371e elementor-widget elementor-widget-text-editor\" data-id=\"c77371e\" data-element_type=\"widget\" data-widget_type=\"text-editor.default\">\n\t\t\t\t<div class=\"elementor-widget-container\">\n\t\t\t\t\t\t\t<p>LD Holdings works closely with management teams to define and implement their vision. It assists in developing strategic directions, structuring development plans, facilitating governance bodies, and strengthening performance management systems, key indicator monitoring, and decision support. The goal is to ensure a clear, aligned, and ambitious path for each entity within the group.<\/p>\t\t\t\t\t\t<\/div>\n\t\t\t\t<\/div>\n\t\t\t\t<\/div>\n\t\t<div class=\"elementor-element elementor-element-6ed3280 e-flex e-con-boxed e-con e-child\" data-id=\"6ed3280\" data-element_type=\"container\" data-settings=\"{&quot;container_type&quot;:&quot;flex&quot;,&quot;content_width&quot;:&quot;boxed&quot;}\">\n\t\t\t\t\t<div class=\"e-con-inner\">\n\t\t\t\t<div class=\"elementor-element elementor-element-922ac66 elementor-widget elementor-widget-image\" data-id=\"922ac66\" data-element_type=\"widget\" data-widget_type=\"image.default\">\n\t\t\t\t<div class=\"elementor-widget-container\">\n\t\t\t\t\t\t\t\t\t\t\t\t\t<img fetchpriority=\"high\" decoding=\"async\" width=\"900\" height=\"491\" src=\"https:\/\/ld-holdings.com\/wp-content\/uploads\/2025\/09\/Gemini_Generated_Image_quosyrquosyrquos-1024x559.jpg\" class=\"attachment-large size-large wp-image-2817\" alt=\"\" srcset=\"https:\/\/ld-holdings.com\/wp-content\/uploads\/2025\/09\/Gemini_Generated_Image_quosyrquosyrquos-1024x559.jpg 1024w, https:\/\/ld-holdings.com\/wp-content\/uploads\/2025\/09\/Gemini_Generated_Image_quosyrquosyrquos-768x419.jpg 768w, https:\/\/ld-holdings.com\/wp-content\/uploads\/2025\/09\/Gemini_Generated_Image_quosyrquosyrquos-600x327.jpg 600w\" sizes=\"(max-width: 900px) 100vw, 900px\" \/>\t\t\t\t\t\t\t\t\t\t\t\t\t<\/div>\n\t\t\t\t<\/div>\n\t\t\t\t\t<\/div>\n\t\t\t\t<\/div>\n\t\t\t\t\t<\/div>\n\t\t\t\t<\/div>\n\t\t<div class=\"elementor-element elementor-element-70e21d4 e-flex e-con-boxed e-con e-parent\" data-id=\"70e21d4\" data-element_type=\"container\" data-settings=\"{&quot;container_type&quot;:&quot;flex&quot;,&quot;content_width&quot;:&quot;boxed&quot;}\" data-core-v316-plus=\"true\">\n\t\t\t\t\t<div class=\"e-con-inner\">\n\t\t\t\t<div class=\"elementor-element elementor-element-7b851ec elementor-widget elementor-widget-menu-anchor\" data-id=\"7b851ec\" data-element_type=\"widget\" data-widget_type=\"menu-anchor.default\">\n\t\t\t\t<div class=\"elementor-widget-container\">\n\t\t\t\t\t<div id=\"groupe\" class=\"elementor-menu-anchor\"><\/div>\n\t\t\t\t<\/div>\n\t\t\t\t<\/div>\n\t\t\t\t\t<\/div>\n\t\t\t\t<\/div>\n\t\t<div class=\"elementor-element elementor-element-25e7ce3 e-flex e-con-boxed e-con e-parent\" data-id=\"25e7ce3\" data-element_type=\"container\" data-settings=\"{&quot;background_background&quot;:&quot;classic&quot;,&quot;container_type&quot;:&quot;flex&quot;,&quot;content_width&quot;:&quot;boxed&quot;}\" data-core-v316-plus=\"true\">\n\t\t\t\t\t<div class=\"e-con-inner\">\n\t\t<div class=\"elementor-element elementor-element-7a21bce e-con-full e-flex e-con e-child\" data-id=\"7a21bce\" data-element_type=\"container\" data-settings=\"{&quot;content_width&quot;:&quot;full&quot;,&quot;container_type&quot;:&quot;flex&quot;}\">\n\t\t\t\t<div class=\"elementor-element elementor-element-5e29253 elementor-widget elementor-widget-image\" data-id=\"5e29253\" data-element_type=\"widget\" data-widget_type=\"image.default\">\n\t\t\t\t<div class=\"elementor-widget-container\">\n\t\t\t\t\t\t\t\t\t\t\t\t\t<img decoding=\"async\" width=\"900\" height=\"540\" src=\"https:\/\/ld-holdings.com\/wp-content\/uploads\/2025\/09\/Gemini_Generated_Image_e43gzoe43gzoe43g-1024x614.jpg\" class=\"attachment-large size-large wp-image-2833\" alt=\"\" srcset=\"https:\/\/ld-holdings.com\/wp-content\/uploads\/2025\/09\/Gemini_Generated_Image_e43gzoe43gzoe43g-1024x614.jpg 1024w, https:\/\/ld-holdings.com\/wp-content\/uploads\/2025\/09\/Gemini_Generated_Image_e43gzoe43gzoe43g-768x460.jpg 768w, https:\/\/ld-holdings.com\/wp-content\/uploads\/2025\/09\/Gemini_Generated_Image_e43gzoe43gzoe43g-600x360.jpg 600w, https:\/\/ld-holdings.com\/wp-content\/uploads\/2025\/09\/Gemini_Generated_Image_e43gzoe43gzoe43g.jpg 1248w\" sizes=\"(max-width: 900px) 100vw, 900px\" \/>\t\t\t\t\t\t\t\t\t\t\t\t\t<\/div>\n\t\t\t\t<\/div>\n\t\t\t\t<\/div>\n\t\t<div class=\"elementor-element elementor-element-6e24886 e-con-full e-flex e-con e-child\" data-id=\"6e24886\" data-element_type=\"container\" data-settings=\"{&quot;content_width&quot;:&quot;full&quot;,&quot;container_type&quot;:&quot;flex&quot;}\">\n\t\t\t\t<div class=\"elementor-element elementor-element-3081ad5 elementor-widget elementor-widget-gva-heading-block\" data-id=\"3081ad5\" data-element_type=\"widget\" data-settings=\"{&quot;_animation&quot;:&quot;none&quot;}\" data-widget_type=\"gva-heading-block.default\">\n\t\t\t\t<div class=\"elementor-widget-container\">\n\t\t\t<div class=\"gva-element-gva-heading-block gva-element\">   <div class=\"align-left style-1 widget gsc-heading box-align-left auto-responsive\">\r\n      <div class=\"content-inner\">\r\n         \r\n                  \r\n         <div class=\"sub-title\"><span class=\"tagline\">Synergie group<\/span><\/div>  \r\n         \r\n                     <h2 class=\"title\">\r\n               <span>Pooling resources, winning together<\/span>\r\n            <\/h2>\r\n                  \r\n         \r\n         \r\n      <\/div>\r\n   <\/div>\r\n<\/div>\t\t<\/div>\n\t\t\t\t<\/div>\n\t\t\t\t<div class=\"elementor-element elementor-element-3b1ee79 elementor-widget elementor-widget-text-editor\" data-id=\"3b1ee79\" data-element_type=\"widget\" data-widget_type=\"text-editor.default\">\n\t\t\t\t<div class=\"elementor-widget-container\">\n\t\t\t\t\t\t\t<p>LD Holdings fosters cross-functional value creation by pooling support functions such as legal, human resources, information systems, and finance. This integrated model streamlines costs, optimizes internal processes, facilitates information flow, and enhances the operational agility of subsidiaries. It also includes a key skills development program to empower internal talent and ensure long-term strategic alignment across the group's entities.<\/p>\t\t\t\t\t\t<\/div>\n\t\t\t\t<\/div>\n\t\t\t\t<\/div>\n\t\t\t\t\t<\/div>\n\t\t\t\t<\/div>\n\t\t<div class=\"elementor-element elementor-element-04c8f7a e-flex e-con-boxed e-con e-parent\" data-id=\"04c8f7a\" data-element_type=\"container\" data-settings=\"{&quot;container_type&quot;:&quot;flex&quot;,&quot;content_width&quot;:&quot;boxed&quot;}\" data-core-v316-plus=\"true\">\n\t\t\t\t\t<div class=\"e-con-inner\">\n\t\t\t\t<div class=\"elementor-element elementor-element-3819368 elementor-widget elementor-widget-menu-anchor\" data-id=\"3819368\" data-element_type=\"widget\" data-widget_type=\"menu-anchor.default\">\n\t\t\t\t<div class=\"elementor-widget-container\">\n\t\t\t\t\t<div id=\"ing\" class=\"elementor-menu-anchor\"><\/div>\n\t\t\t\t<\/div>\n\t\t\t\t<\/div>\n\t\t\t\t\t<\/div>\n\t\t\t\t<\/div>\n\t\t<div class=\"elementor-element elementor-element-d4e40e4 e-flex e-con-boxed e-con e-parent\" data-id=\"d4e40e4\" data-element_type=\"container\" data-settings=\"{&quot;background_background&quot;:&quot;classic&quot;,&quot;container_type&quot;:&quot;flex&quot;,&quot;content_width&quot;:&quot;boxed&quot;}\" data-core-v316-plus=\"true\">\n\t\t\t\t\t<div class=\"e-con-inner\">\n\t\t<div class=\"elementor-element elementor-element-87b439d e-con-full e-flex e-con e-child\" data-id=\"87b439d\" data-element_type=\"container\" data-settings=\"{&quot;content_width&quot;:&quot;full&quot;,&quot;container_type&quot;:&quot;flex&quot;}\">\n\t\t\t\t<div class=\"elementor-element elementor-element-93a6298 elementor-widget elementor-widget-gva-heading-block\" data-id=\"93a6298\" data-element_type=\"widget\" data-settings=\"{&quot;_animation&quot;:&quot;none&quot;}\" data-widget_type=\"gva-heading-block.default\">\n\t\t\t\t<div class=\"elementor-widget-container\">\n\t\t\t<div class=\"gva-element-gva-heading-block gva-element\">   <div class=\"align-left style-1 widget gsc-heading box-align-left auto-responsive\">\r\n      <div class=\"content-inner\">\r\n         \r\n                  \r\n         <div class=\"sub-title\"><span class=\"tagline\">Financial Engineering <\/span><\/div>  \r\n         \r\n                     <h2 class=\"title\">\r\n               <span>Structuring financing, securing growth<\/span>\r\n            <\/h2>\r\n                  \r\n         \r\n         \r\n      <\/div>\r\n   <\/div>\r\n<\/div>\t\t<\/div>\n\t\t\t\t<\/div>\n\t\t\t\t<div class=\"elementor-element elementor-element-e79467e elementor-widget elementor-widget-text-editor\" data-id=\"e79467e\" data-element_type=\"widget\" data-widget_type=\"text-editor.default\">\n\t\t\t\t<div class=\"elementor-widget-container\">\n\t\t\t\t\t\t\t<p>LD Holdings supports its subsidiaries in structuring their financing needs optimally, in line with their development strategy. This includes preparing and conducting fundraising rounds (equity, debt, quasi-equity), optimizing cash management, and streamlining investments. Financial engineering also incorporates a rigorous risk management approach to ensure the sustainability and financial resilience of the group's companies.<\/p>\t\t\t\t\t\t<\/div>\n\t\t\t\t<\/div>\n\t\t\t\t<\/div>\n\t\t<div class=\"elementor-element elementor-element-ecf2a33 e-flex e-con-boxed e-con e-child\" data-id=\"ecf2a33\" data-element_type=\"container\" data-settings=\"{&quot;container_type&quot;:&quot;flex&quot;,&quot;content_width&quot;:&quot;boxed&quot;}\">\n\t\t\t\t\t<div class=\"e-con-inner\">\n\t\t\t\t<div class=\"elementor-element elementor-element-3ef9286 elementor-widget elementor-widget-image\" data-id=\"3ef9286\" data-element_type=\"widget\" data-widget_type=\"image.default\">\n\t\t\t\t<div class=\"elementor-widget-container\">\n\t\t\t\t\t\t\t\t\t\t\t\t\t<img decoding=\"async\" width=\"900\" height=\"470\" src=\"https:\/\/ld-holdings.com\/wp-content\/uploads\/2025\/09\/ing-fin-1-1024x535.png\" class=\"attachment-large size-large wp-image-3281\" alt=\"\" srcset=\"https:\/\/ld-holdings.com\/wp-content\/uploads\/2025\/09\/ing-fin-1-1024x535.png 1024w, https:\/\/ld-holdings.com\/wp-content\/uploads\/2025\/09\/ing-fin-1-768x401.png 768w, https:\/\/ld-holdings.com\/wp-content\/uploads\/2025\/09\/ing-fin-1-600x314.png 600w, https:\/\/ld-holdings.com\/wp-content\/uploads\/2025\/09\/ing-fin-1.png 1408w\" sizes=\"(max-width: 900px) 100vw, 900px\" \/>\t\t\t\t\t\t\t\t\t\t\t\t\t<\/div>\n\t\t\t\t<\/div>\n\t\t\t\t\t<\/div>\n\t\t\t\t<\/div>\n\t\t\t\t\t<\/div>\n\t\t\t\t<\/div>\n\t\t<div class=\"elementor-element elementor-element-85b7ef5 e-flex e-con-boxed e-con e-parent\" data-id=\"85b7ef5\" data-element_type=\"container\" data-settings=\"{&quot;container_type&quot;:&quot;flex&quot;,&quot;content_width&quot;:&quot;boxed&quot;}\" data-core-v316-plus=\"true\">\n\t\t\t\t\t<div class=\"e-con-inner\">\n\t\t\t\t<div class=\"elementor-element elementor-element-b0bd8f6 elementor-widget elementor-widget-menu-anchor\" data-id=\"b0bd8f6\" data-element_type=\"widget\" data-widget_type=\"menu-anchor.default\">\n\t\t\t\t<div class=\"elementor-widget-container\">\n\t\t\t\t\t<div id=\"com\" class=\"elementor-menu-anchor\"><\/div>\n\t\t\t\t<\/div>\n\t\t\t\t<\/div>\n\t\t\t\t\t<\/div>\n\t\t\t\t<\/div>\n\t\t<div class=\"elementor-element elementor-element-6e0b856 e-flex e-con-boxed e-con e-parent\" data-id=\"6e0b856\" data-element_type=\"container\" data-settings=\"{&quot;background_background&quot;:&quot;classic&quot;,&quot;container_type&quot;:&quot;flex&quot;,&quot;content_width&quot;:&quot;boxed&quot;}\" data-core-v316-plus=\"true\">\n\t\t\t\t\t<div class=\"e-con-inner\">\n\t\t<div class=\"elementor-element elementor-element-fc8fdbb e-con-full e-flex e-con e-child\" data-id=\"fc8fdbb\" data-element_type=\"container\" data-settings=\"{&quot;content_width&quot;:&quot;full&quot;,&quot;container_type&quot;:&quot;flex&quot;}\">\n\t\t\t\t<div class=\"elementor-element elementor-element-d3b8a28 elementor-widget elementor-widget-image\" data-id=\"d3b8a28\" data-element_type=\"widget\" data-widget_type=\"image.default\">\n\t\t\t\t<div class=\"elementor-widget-container\">\n\t\t\t\t\t\t\t\t\t\t\t\t\t<img loading=\"lazy\" decoding=\"async\" width=\"900\" height=\"470\" src=\"https:\/\/ld-holdings.com\/wp-content\/uploads\/2025\/09\/influ-1024x535.png\" class=\"attachment-large size-large wp-image-3337\" alt=\"\" srcset=\"https:\/\/ld-holdings.com\/wp-content\/uploads\/2025\/09\/influ-1024x535.png 1024w, https:\/\/ld-holdings.com\/wp-content\/uploads\/2025\/09\/influ-768x401.png 768w, https:\/\/ld-holdings.com\/wp-content\/uploads\/2025\/09\/influ-600x314.png 600w, https:\/\/ld-holdings.com\/wp-content\/uploads\/2025\/09\/influ.png 1408w\" sizes=\"(max-width: 900px) 100vw, 900px\" \/>\t\t\t\t\t\t\t\t\t\t\t\t\t<\/div>\n\t\t\t\t<\/div>\n\t\t\t\t<\/div>\n\t\t<div class=\"elementor-element elementor-element-7ac1b0a e-con-full e-flex e-con e-child\" data-id=\"7ac1b0a\" data-element_type=\"container\" data-settings=\"{&quot;content_width&quot;:&quot;full&quot;,&quot;container_type&quot;:&quot;flex&quot;}\">\n\t\t\t\t<div class=\"elementor-element elementor-element-1a88796 elementor-widget elementor-widget-gva-heading-block\" data-id=\"1a88796\" data-element_type=\"widget\" data-settings=\"{&quot;_animation&quot;:&quot;none&quot;}\" data-widget_type=\"gva-heading-block.default\">\n\t\t\t\t<div class=\"elementor-widget-container\">\n\t\t\t<div class=\"gva-element-gva-heading-block gva-element\">   <div class=\"align-left style-1 widget gsc-heading box-align-left auto-responsive\">\r\n      <div class=\"content-inner\">\r\n         \r\n                  \r\n         <div class=\"sub-title\"><span class=\"tagline\">Communication and influence <\/span><\/div>  \r\n         \r\n                     <h2 class=\"title\">\r\n               <span>Building a strong identity, shaping the future <\/span>\r\n            <\/h2>\r\n                  \r\n         \r\n         \r\n      <\/div>\r\n   <\/div>\r\n<\/div>\t\t<\/div>\n\t\t\t\t<\/div>\n\t\t\t\t<div class=\"elementor-element elementor-element-22d7ac8 elementor-widget elementor-widget-text-editor\" data-id=\"22d7ac8\" data-element_type=\"widget\" data-widget_type=\"text-editor.default\">\n\t\t\t\t<div class=\"elementor-widget-container\">\n\t\t\t\t\t\t\t<p>LD Holdings actively works to enhance the visibility and impact of its subsidiaries by supporting their strategic communication. This includes brand development, institutional positioning, the design of corporate materials and campaigns, and public image management. In parallel, the group facilitates access to a robust and structured network of economic partners, public institutions, and national and international investors, thereby fostering opportunities for collaboration, financing, and development.<\/p>\t\t\t\t\t\t<\/div>\n\t\t\t\t<\/div>\n\t\t\t\t<\/div>\n\t\t\t\t\t<\/div>\n\t\t\t\t<\/div>\n\t\t<div class=\"elementor-element elementor-element-d0d7601 e-flex e-con-boxed e-con e-parent\" data-id=\"d0d7601\" data-element_type=\"container\" data-settings=\"{&quot;container_type&quot;:&quot;flex&quot;,&quot;content_width&quot;:&quot;boxed&quot;}\" data-core-v316-plus=\"true\">\n\t\t\t\t\t<div class=\"e-con-inner\">\n\t\t\t\t<div class=\"elementor-element elementor-element-2965b51 elementor-widget elementor-widget-menu-anchor\" data-id=\"2965b51\" data-element_type=\"widget\" data-widget_type=\"menu-anchor.default\">\n\t\t\t\t<div class=\"elementor-widget-container\">\n\t\t\t\t\t<div id=\"trans\" class=\"elementor-menu-anchor\"><\/div>\n\t\t\t\t<\/div>\n\t\t\t\t<\/div>\n\t\t\t\t\t<\/div>\n\t\t\t\t<\/div>\n\t\t<div class=\"elementor-element elementor-element-85c4ced e-flex e-con-boxed e-con e-parent\" data-id=\"85c4ced\" data-element_type=\"container\" data-settings=\"{&quot;background_background&quot;:&quot;classic&quot;,&quot;container_type&quot;:&quot;flex&quot;,&quot;content_width&quot;:&quot;boxed&quot;}\" data-core-v316-plus=\"true\">\n\t\t\t\t\t<div class=\"e-con-inner\">\n\t\t<div class=\"elementor-element elementor-element-65ed971 e-con-full e-flex e-con e-child\" data-id=\"65ed971\" data-element_type=\"container\" data-settings=\"{&quot;content_width&quot;:&quot;full&quot;,&quot;container_type&quot;:&quot;flex&quot;}\">\n\t\t\t\t<div class=\"elementor-element elementor-element-6c275f1 elementor-widget elementor-widget-gva-heading-block\" data-id=\"6c275f1\" data-element_type=\"widget\" data-settings=\"{&quot;_animation&quot;:&quot;none&quot;}\" data-widget_type=\"gva-heading-block.default\">\n\t\t\t\t<div class=\"elementor-widget-container\">\n\t\t\t<div class=\"gva-element-gva-heading-block gva-element\">   <div class=\"align-left style-1 widget gsc-heading box-align-left auto-responsive\">\r\n      <div class=\"content-inner\">\r\n         \r\n                  \r\n         <div class=\"sub-title\"><span class=\"tagline\">Strategic investment<\/span><\/div>  \r\n         \r\n                     <h2 class=\"title\">\r\n               <span>Supporting our subsidiaries, facilitating their transformation<\/span>\r\n            <\/h2>\r\n                  \r\n         \r\n         \r\n      <\/div>\r\n   <\/div>\r\n<\/div>\t\t<\/div>\n\t\t\t\t<\/div>\n\t\t\t\t<div class=\"elementor-element elementor-element-0c4cb80 elementor-widget elementor-widget-text-editor\" data-id=\"0c4cb80\" data-element_type=\"widget\" data-widget_type=\"text-editor.default\">\n\t\t\t\t<div class=\"elementor-widget-container\">\n\t\t\t\t\t\t\t<p>LD Holdings continuously identifies and analyzes external growth and transformation opportunities: mergers and acquisitions (M&amp;A), joint ventures, and industrial or commercial alliances. It supports its subsidiaries in deploying these initiatives, providing strategic, technical, and financial guidance. LD Holdings also acts as a catalyst for high-impact or international projects, ensuring their structuring, financing, and management through to operational implementation.<\/p>\t\t\t\t\t\t<\/div>\n\t\t\t\t<\/div>\n\t\t\t\t<\/div>\n\t\t<div class=\"elementor-element elementor-element-ddd44b7 e-flex e-con-boxed e-con e-child\" data-id=\"ddd44b7\" data-element_type=\"container\" data-settings=\"{&quot;container_type&quot;:&quot;flex&quot;,&quot;content_width&quot;:&quot;boxed&quot;}\">\n\t\t\t\t\t<div class=\"e-con-inner\">\n\t\t\t\t<div class=\"elementor-element elementor-element-9be9589 elementor-widget elementor-widget-image\" data-id=\"9be9589\" data-element_type=\"widget\" data-widget_type=\"image.default\">\n\t\t\t\t<div class=\"elementor-widget-container\">\n\t\t\t\t\t\t\t\t\t\t\t\t\t<img loading=\"lazy\" decoding=\"async\" width=\"900\" height=\"491\" src=\"https:\/\/ld-holdings.com\/wp-content\/uploads\/2025\/09\/Gemini_Generated_Image_pmlogkpmlogkpmlo-1024x559.jpg\" class=\"attachment-large size-large wp-image-2823\" alt=\"\" srcset=\"https:\/\/ld-holdings.com\/wp-content\/uploads\/2025\/09\/Gemini_Generated_Image_pmlogkpmlogkpmlo-1024x559.jpg 1024w, https:\/\/ld-holdings.com\/wp-content\/uploads\/2025\/09\/Gemini_Generated_Image_pmlogkpmlogkpmlo-768x419.jpg 768w, https:\/\/ld-holdings.com\/wp-content\/uploads\/2025\/09\/Gemini_Generated_Image_pmlogkpmlogkpmlo-600x327.jpg 600w\" sizes=\"(max-width: 900px) 100vw, 900px\" \/>\t\t\t\t\t\t\t\t\t\t\t\t\t<\/div>\n\t\t\t\t<\/div>\n\t\t\t\t\t<\/div>\n\t\t\t\t<\/div>\n\t\t\t\t\t<\/div>\n\t\t\t\t<\/div>\n\t\t\t\t<\/div>","protected":false},"excerpt":{"rendered":"<p>Notre valeur ajout\u00e9\u200b Soutien Strat\u00e9gique et Gouvernance Aligner la vision, s\u00e9curiser la performance LD Holdings accompagne \u00e9troitement les \u00e9quipes dirigeantes dans la d\u00e9finition et la mise en \u0153uvre de leur [&hellip;]<\/p>","protected":false},"author":1,"featured_media":0,"parent":0,"menu_order":0,"comment_status":"closed","ping_status":"closed","template":"","meta":{"footnotes":""},"class_list":["post-1186","page","type-page","status-publish","hentry"],"_links":{"self":[{"href":"https:\/\/ld-holdings.com\/en\/wp-json\/wp\/v2\/pages\/1186","targetHints":{"allow":["GET"]}}],"collection":[{"href":"https:\/\/ld-holdings.com\/en\/wp-json\/wp\/v2\/pages"}],"about":[{"href":"https:\/\/ld-holdings.com\/en\/wp-json\/wp\/v2\/types\/page"}],"author":[{"embeddable":true,"href":"https:\/\/ld-holdings.com\/en\/wp-json\/wp\/v2\/users\/1"}],"replies":[{"embeddable":true,"href":"https:\/\/ld-holdings.com\/en\/wp-json\/wp\/v2\/comments?post=1186"}],"version-history":[{"count":253,"href":"https:\/\/ld-holdings.com\/en\/wp-json\/wp\/v2\/pages\/1186\/revisions"}],"predecessor-version":[{"id":3678,"href":"https:\/\/ld-holdings.com\/en\/wp-json\/wp\/v2\/pages\/1186\/revisions\/3678"}],"wp:attachment":[{"href":"https:\/\/ld-holdings.com\/en\/wp-json\/wp\/v2\/media?parent=1186"}],"curies":[{"name":"wp","href":"https:\/\/api.w.org\/{rel}","templated":true}]}}