{"id":191,"date":"2023-01-06T03:55:45","date_gmt":"2023-01-06T03:55:45","guid":{"rendered":"https:\/\/gaviaspreview.com\/wp\/modins\/?page_id=191"},"modified":"2024-04-01T11:13:50","modified_gmt":"2024-04-01T09:13:50","slug":"vendre-votre-entreprise","status":"publish","type":"page","link":"https:\/\/ld-holdings.com\/en\/vendre-votre-entreprise\/","title":{"rendered":"Vendre votre entreprise"},"content":{"rendered":"<div data-elementor-type=\"wp-page\" data-elementor-id=\"191\" class=\"elementor elementor-191\" data-elementor-post-type=\"page\">\n\t\t\t\t\t\t<section class=\"elementor-section elementor-top-section elementor-element elementor-element-0ffe0eb elementor-section-full_width elementor-section-stretched elementor-section-height-default elementor-section-height-default\" data-id=\"0ffe0eb\" data-element_type=\"section\" data-settings=\"{&quot;background_background&quot;:&quot;classic&quot;,&quot;stretch_section&quot;:&quot;section-stretched&quot;}\">\n\t\t\t\t\t\t<div class=\"elementor-container elementor-column-gap-default\">\n\t\t\t\t\t<div class=\"elementor-column elementor-col-100 elementor-top-column elementor-element elementor-element-0e4337b\" data-id=\"0e4337b\" data-element_type=\"column\">\n\t\t\t<div class=\"elementor-widget-wrap elementor-element-populated\">\n\t\t\t\t\t\t<div class=\"elementor-element elementor-element-ff97ad3 elementor-widget elementor-widget-image\" data-id=\"ff97ad3\" data-element_type=\"widget\" data-widget_type=\"image.default\">\n\t\t\t\t<div class=\"elementor-widget-container\">\n\t\t\t\t\t\t\t\t\t\t\t\t\t<img fetchpriority=\"high\" decoding=\"async\" width=\"2194\" height=\"1320\" src=\"https:\/\/ld-holdings.com\/wp-content\/uploads\/2024\/03\/nos-services.jpg\" class=\"attachment-full size-full wp-image-1853\" alt=\"\" srcset=\"https:\/\/ld-holdings.com\/wp-content\/uploads\/2024\/03\/nos-services.jpg 2194w, https:\/\/ld-holdings.com\/wp-content\/uploads\/2024\/03\/nos-services-1024x616.jpg 1024w, https:\/\/ld-holdings.com\/wp-content\/uploads\/2024\/03\/nos-services-768x462.jpg 768w, https:\/\/ld-holdings.com\/wp-content\/uploads\/2024\/03\/nos-services-600x361.jpg 600w\" sizes=\"(max-width: 2194px) 100vw, 2194px\" \/>\t\t\t\t\t\t\t\t\t\t\t\t\t<\/div>\n\t\t\t\t<\/div>\n\t\t\t\t\t<\/div>\n\t\t<\/div>\n\t\t\t\t\t<\/div>\n\t\t<\/section>\n\t\t\t\t<section class=\"elementor-section elementor-top-section elementor-element elementor-element-d0d5d53 elementor-section-boxed elementor-section-height-default elementor-section-height-default\" data-id=\"d0d5d53\" data-element_type=\"section\" data-settings=\"{&quot;background_background&quot;:&quot;classic&quot;}\">\n\t\t\t\t\t\t<div class=\"elementor-container elementor-column-gap-default\">\n\t\t\t\t\t<div class=\"elementor-column elementor-col-50 elementor-top-column elementor-element elementor-element-123ea89\" data-id=\"123ea89\" data-element_type=\"column\">\n\t\t\t<div class=\"elementor-widget-wrap elementor-element-populated\">\n\t\t\t\t\t\t<div class=\"elementor-element elementor-element-56c926b elementor-widget elementor-widget-gva-heading-block\" data-id=\"56c926b\" data-element_type=\"widget\" data-widget_type=\"gva-heading-block.default\">\n\t\t\t\t<div class=\"elementor-widget-container\">\n\t\t\t<div class=\"gva-element-gva-heading-block gva-element\">   <div class=\"align-left style-1 widget gsc-heading box-align-left auto-responsive\">\r\n      <div class=\"content-inner\">\r\n         \r\n                  \r\n           \r\n         \r\n                     <h2 class=\"title\">\r\n               <span>Vendre votre entreprise\n<\/span>\r\n            <\/h2>\r\n                  \r\n         \r\n         \r\n      <\/div>\r\n   <\/div>\r\n<\/div>\t\t<\/div>\n\t\t\t\t<\/div>\n\t\t\t\t<div class=\"elementor-element elementor-element-4632700 elementor-widget elementor-widget-image\" data-id=\"4632700\" data-element_type=\"widget\" data-widget_type=\"image.default\">\n\t\t\t\t<div class=\"elementor-widget-container\">\n\t\t\t\t\t\t\t\t\t\t\t\t\t<img decoding=\"async\" width=\"450\" height=\"450\" src=\"https:\/\/ld-holdings.com\/wp-content\/uploads\/2024\/03\/Img1.jpg\" class=\"attachment-large size-large wp-image-976\" alt=\"\" srcset=\"https:\/\/ld-holdings.com\/wp-content\/uploads\/2024\/03\/Img1.jpg 450w, https:\/\/ld-holdings.com\/wp-content\/uploads\/2024\/03\/Img1-175x175.jpg 175w, https:\/\/ld-holdings.com\/wp-content\/uploads\/2024\/03\/Img1-300x300.jpg 300w, https:\/\/ld-holdings.com\/wp-content\/uploads\/2024\/03\/Img1-180x180.jpg 180w\" sizes=\"(max-width: 450px) 100vw, 450px\" \/>\t\t\t\t\t\t\t\t\t\t\t\t\t<\/div>\n\t\t\t\t<\/div>\n\t\t\t\t<div class=\"elementor-element elementor-element-01c1ec1 elementor-widget elementor-widget-text-editor\" data-id=\"01c1ec1\" data-element_type=\"widget\" data-widget_type=\"text-editor.default\">\n\t\t\t\t<div class=\"elementor-widget-container\">\n\t\t\t\t\t\t\t<p>Fagara Partners place ses clients sur le podium des gagnants. Nos consultants engagent et motivent les acheteurs qualifi\u00e9s \u00e0 rivaliser augmentant ainsi les valeurs de transaction et optimisant les termes de l&#8217;accord afin de g\u00e9n\u00e9rer les meilleurs r\u00e9sultats pour nos clients.<\/p><ul><li>Vous avez investi votre c\u0153ur, votre \u00e2me et votre temps dans votre entreprise\u00a0<\/li><li>Nous vous consacrons les n\u00f4tres \u00e0 vous aider \u00e0 vendre votre entreprise et \u00e0 maximiser la valeur que vous avez cr\u00e9\u00e9e.<\/li><li>Nous utilisons 35 ans d&#8217;exp\u00e9rience \u00e9prouv\u00e9e et d&#8217;expertise collective et individuelle pour vous aider \u00e0 d\u00e9finir et \u00e0 atteindre vos objectifs et \u00e0 fa\u00e7onner votre futur\u00a0<\/li><li>Notre seul objectif est de r\u00e9compenser votre travail acharn\u00e9 en veillant \u00e0 ce que vous concluiez la transaction selon vos conditions<\/li><\/ul>\t\t\t\t\t\t<\/div>\n\t\t\t\t<\/div>\n\t\t\t\t\t<\/div>\n\t\t<\/div>\n\t\t\t\t<div class=\"elementor-column elementor-col-50 elementor-top-column elementor-element elementor-element-087fda3\" data-id=\"087fda3\" data-element_type=\"column\">\n\t\t\t<div class=\"elementor-widget-wrap elementor-element-populated\">\n\t\t\t\t\t\t<div class=\"elementor-element elementor-element-c925e22 elementor-widget elementor-widget-wp-widget-nav_menu\" data-id=\"c925e22\" data-element_type=\"widget\" data-widget_type=\"wp-widget-nav_menu.default\">\n\t\t\t\t<div class=\"elementor-widget-container\">\n\t\t\t<div class=\"menu-services-container\"><ul id=\"menu-services\" class=\"menu\"><li id=\"menu-item-314\" class=\"menu-item menu-item-type-post_type menu-item-object-page menu-item-314\"><a href=\"https:\/\/ld-holdings.com\/en\/vendre-votre-entreprise\/\">Vendre votre entreprise<\/a><\/li>\n<li id=\"menu-item-689\" class=\"menu-item menu-item-type-post_type menu-item-object-page menu-item-689\"><a href=\"https:\/\/ld-holdings.com\/en\/acheter-une-entreprise\/\">Acheter une entreprise<\/a><\/li>\n<li id=\"menu-item-691\" class=\"menu-item menu-item-type-post_type menu-item-object-page menu-item-691\"><a href=\"https:\/\/ld-holdings.com\/en\/creer-une-entreprise\/\">Cr\u00e9er une entreprise<\/a><\/li>\n<li id=\"menu-item-692\" class=\"menu-item menu-item-type-post_type menu-item-object-page menu-item-692\"><a href=\"https:\/\/ld-holdings.com\/en\/financement-pour-votre-entreprise\/\">financer votre entreprise<\/a><\/li>\n<\/ul><\/div>\t\t<\/div>\n\t\t\t\t<\/div>\n\t\t\t\t<section class=\"elementor-section elementor-inner-section elementor-element elementor-element-5ebc093 elementor-section-boxed elementor-section-height-default elementor-section-height-default\" data-id=\"5ebc093\" data-element_type=\"section\" data-settings=\"{&quot;background_background&quot;:&quot;classic&quot;}\">\n\t\t\t\t\t\t\t<div class=\"elementor-background-overlay\"><\/div>\n\t\t\t\t\t\t\t<div class=\"elementor-container elementor-column-gap-default\">\n\t\t\t\t\t<div class=\"elementor-column elementor-col-100 elementor-inner-column elementor-element elementor-element-f147c0c\" data-id=\"f147c0c\" data-element_type=\"column\">\n\t\t\t<div class=\"elementor-widget-wrap elementor-element-populated\">\n\t\t\t\t\t\t<div class=\"elementor-element elementor-element-19aa5b6 elementor-view-stacked elementor-shape-circle elementor-position-top elementor-mobile-position-top elementor-widget elementor-widget-icon-box\" data-id=\"19aa5b6\" data-element_type=\"widget\" data-widget_type=\"icon-box.default\">\n\t\t\t\t<div class=\"elementor-widget-container\">\n\t\t\t\t\t<div class=\"elementor-icon-box-wrapper\">\n\t\t\t\t\t\t<div class=\"elementor-icon-box-icon\">\n\t\t\t\t<span  class=\"elementor-icon elementor-animation-\">\n\t\t\t\t<i aria-hidden=\"true\" class=\"micon__phone-call\"><\/i>\t\t\t\t<\/span>\n\t\t\t<\/div>\n\t\t\t\t\t\t<div class=\"elementor-icon-box-content\">\n\t\t\t\t<h3 class=\"elementor-icon-box-title\">\n\t\t\t\t\t<span  >\n\t\t\t\t\t\tContactez-nous\t\t\t\t\t<\/span>\n\t\t\t\t<\/h3>\n\t\t\t\t\t\t\t<\/div>\n\t\t<\/div>\n\t\t\t\t<\/div>\n\t\t\t\t<\/div>\n\t\t\t\t<div class=\"elementor-element elementor-element-7721fa8 elementor-widget elementor-widget-text-editor\" data-id=\"7721fa8\" data-element_type=\"widget\" data-widget_type=\"text-editor.default\">\n\t\t\t\t<div class=\"elementor-widget-container\">\n\t\t\t\t\t\t\t<p><a href=\"http:\/\/+225 07 87 30 64 19\" data-wplink-url-error=\"true\">+225 07 87 30 64 19<\/a><\/p>\t\t\t\t\t\t<\/div>\n\t\t\t\t<\/div>\n\t\t\t\t\t<\/div>\n\t\t<\/div>\n\t\t\t\t\t<\/div>\n\t\t<\/section>\n\t\t\t\t\t<\/div>\n\t\t<\/div>\n\t\t\t\t\t<\/div>\n\t\t<\/section>\n\t\t<div class=\"elementor-element elementor-element-753e507 e-flex e-con-boxed e-con e-parent\" data-id=\"753e507\" data-element_type=\"container\" data-settings=\"{&quot;container_type&quot;:&quot;flex&quot;,&quot;content_width&quot;:&quot;boxed&quot;}\" data-core-v316-plus=\"true\">\n\t\t\t\t\t<div class=\"e-con-inner\">\n\t\t\t\t<div class=\"elementor-element elementor-element-2b7bc15 elementor-widget elementor-widget-gva-heading-block\" data-id=\"2b7bc15\" data-element_type=\"widget\" data-widget_type=\"gva-heading-block.default\">\n\t\t\t\t<div class=\"elementor-widget-container\">\n\t\t\t<div class=\"gva-element-gva-heading-block gva-element\">   <div class=\"align-center style-1 widget gsc-heading box-align-left auto-responsive\">\r\n      <div class=\"content-inner\">\r\n         \r\n                  \r\n           \r\n         \r\n                     <h2 class=\"title\">\r\n               <span>Ce que nous r\u00e9alisons pour nos clients vendeurs<\/span>\r\n            <\/h2>\r\n                  \r\n         \r\n         \r\n      <\/div>\r\n   <\/div>\r\n<\/div>\t\t<\/div>\n\t\t\t\t<\/div>\n\t\t\t\t\t<\/div>\n\t\t\t\t<\/div>\n\t\t<div class=\"elementor-element elementor-element-102f4a1 e-flex e-con-boxed e-con e-parent\" data-id=\"102f4a1\" data-element_type=\"container\" data-settings=\"{&quot;background_background&quot;:&quot;classic&quot;,&quot;container_type&quot;:&quot;flex&quot;,&quot;content_width&quot;:&quot;boxed&quot;}\" data-core-v316-plus=\"true\">\n\t\t\t\t\t<div class=\"e-con-inner\">\n\t\t<div class=\"elementor-element elementor-element-e761b82 e-flex e-con-boxed e-con e-child\" data-id=\"e761b82\" data-element_type=\"container\" data-settings=\"{&quot;container_type&quot;:&quot;flex&quot;,&quot;content_width&quot;:&quot;boxed&quot;}\">\n\t\t\t\t\t<div class=\"e-con-inner\">\n\t\t\t\t<div class=\"elementor-element elementor-element-53297c0 eael-infobox-content-align-center eael-infobox-icon-bg-shape-none eael-infobox-icon-hover-bg-shape-none elementor-widget elementor-widget-eael-info-box\" data-id=\"53297c0\" data-element_type=\"widget\" data-widget_type=\"eael-info-box.default\">\n\t\t\t\t<div class=\"elementor-widget-container\">\n\t\t\t        <div class=\"eael-infobox\">\n\t            <div class=\"infobox-icon eael-icon-only\">\n\n            \n                            <div class=\"infobox-icon-wrap\">\n                    <i aria-hidden=\"true\" class=\"fas fa-hourglass-half\"><\/i>                <\/div>\n            \n            \n        <\/div>\n            <div class=\"infobox-content eael-icon-only\">\n                            <h5 class=\"title\">Gestion de temps<\/h5>\n                                                                                                <p><p style=\"text-align: left;\">Les consultants chevronn\u00e9s de Fagara Partners s\u2019appuient sur une vaste connaissance du march\u00e9 et des transactions r\u00e9centes pour aider les clients \u00e0 se pr\u00e9parer et \u00e0 ex\u00e9cuter une vente au meilleur moment.<\/p><\/p>                                                                            <\/div>\n            <\/div>\n\n\t\t\t\t<\/div>\n\t\t\t\t<\/div>\n\t\t\t\t\t<\/div>\n\t\t\t\t<\/div>\n\t\t<div class=\"elementor-element elementor-element-affdb90 e-flex e-con-boxed e-con e-child\" data-id=\"affdb90\" data-element_type=\"container\" data-settings=\"{&quot;container_type&quot;:&quot;flex&quot;,&quot;content_width&quot;:&quot;boxed&quot;}\">\n\t\t\t\t\t<div class=\"e-con-inner\">\n\t\t\t\t<div class=\"elementor-element elementor-element-3424b4d eael-infobox-content-align-center eael-infobox-icon-bg-shape-none eael-infobox-icon-hover-bg-shape-none elementor-widget elementor-widget-eael-info-box\" data-id=\"3424b4d\" data-element_type=\"widget\" data-widget_type=\"eael-info-box.default\">\n\t\t\t\t<div class=\"elementor-widget-container\">\n\t\t\t        <div class=\"eael-infobox\">\n\t            <div class=\"infobox-icon eael-icon-only\">\n\n            \n                            <div class=\"infobox-icon-wrap\">\n                    <i aria-hidden=\"true\" class=\"fas fa-chess\"><\/i>                <\/div>\n            \n            \n        <\/div>\n            <div class=\"infobox-content eael-icon-only\">\n                            <h5 class=\"title\">Positionnement de la pme a vendre<\/h5>\n                                                                                                <p><p style=\"text-align: left;\">Nous adoptons une approche strat\u00e9gique pour d\u00e9couvrir et positionner la valeur unique de l\u2019entreprise, cr\u00e9er un plan pour le meilleur avenir de l\u2019entreprise, et d\u00e9velopper un argumentaire convaincant pour que les acheteurs parviennent au meilleur r\u00e9sultat de vente.<\/p><\/p>                                                                            <\/div>\n            <\/div>\n\n\t\t\t\t<\/div>\n\t\t\t\t<\/div>\n\t\t\t\t\t<\/div>\n\t\t\t\t<\/div>\n\t\t<div class=\"elementor-element elementor-element-d2f4b04 e-flex e-con-boxed e-con e-child\" data-id=\"d2f4b04\" data-element_type=\"container\" data-settings=\"{&quot;container_type&quot;:&quot;flex&quot;,&quot;content_width&quot;:&quot;boxed&quot;}\">\n\t\t\t\t\t<div class=\"e-con-inner\">\n\t\t\t\t<div class=\"elementor-element elementor-element-6e93dea eael-infobox-content-align-center eael-infobox-icon-bg-shape-none eael-infobox-icon-hover-bg-shape-none elementor-widget elementor-widget-eael-info-box\" data-id=\"6e93dea\" data-element_type=\"widget\" data-widget_type=\"eael-info-box.default\">\n\t\t\t\t<div class=\"elementor-widget-container\">\n\t\t\t        <div class=\"eael-infobox\">\n\t            <div class=\"infobox-icon eael-icon-only\">\n\n            \n                            <div class=\"infobox-icon-wrap\">\n                    <i aria-hidden=\"true\" class=\"la la-diamond\"><\/i>                <\/div>\n            \n            \n        <\/div>\n            <div class=\"infobox-content eael-icon-only\">\n                            <h5 class=\"title\">Valeur actuelle et potentielle de la PME<\/h5>\n                                                                                                <p><p style=\"text-align: left;\">Nos clients veulent savoir ce que valent aujourd\u2019hui leurs entreprises et quelles mesures ils devraient prendre pour maximiser la valeur de l\u2019entreprise avant de vendre. Nos consultants s\u2019appuient sur leur exp\u00e9rience dans de nombreuses transactions, situations et industries pour fournir ces informations.<\/p><\/p>                                                                            <\/div>\n            <\/div>\n\n\t\t\t\t<\/div>\n\t\t\t\t<\/div>\n\t\t\t\t\t<\/div>\n\t\t\t\t<\/div>\n\t\t\t\t\t<\/div>\n\t\t\t\t<\/div>\n\t\t<div class=\"elementor-element elementor-element-7269ae1 e-flex e-con-boxed e-con e-parent\" data-id=\"7269ae1\" data-element_type=\"container\" data-settings=\"{&quot;background_background&quot;:&quot;classic&quot;,&quot;container_type&quot;:&quot;flex&quot;,&quot;content_width&quot;:&quot;boxed&quot;}\" data-core-v316-plus=\"true\">\n\t\t\t\t\t<div class=\"e-con-inner\">\n\t\t<div class=\"elementor-element elementor-element-b2cb8e2 e-flex e-con-boxed e-con e-child\" data-id=\"b2cb8e2\" data-element_type=\"container\" data-settings=\"{&quot;container_type&quot;:&quot;flex&quot;,&quot;content_width&quot;:&quot;boxed&quot;}\">\n\t\t\t\t\t<div class=\"e-con-inner\">\n\t\t\t\t<div class=\"elementor-element elementor-element-5cdab2f eael-infobox-content-align-center eael-infobox-icon-bg-shape-none eael-infobox-icon-hover-bg-shape-none elementor-widget elementor-widget-eael-info-box\" data-id=\"5cdab2f\" data-element_type=\"widget\" data-widget_type=\"eael-info-box.default\">\n\t\t\t\t<div class=\"elementor-widget-container\">\n\t\t\t        <div class=\"eael-infobox\">\n\t            <div class=\"infobox-icon eael-icon-only\">\n\n            \n                            <div class=\"infobox-icon-wrap\">\n                    <i aria-hidden=\"true\" class=\"fas fa-people-carry\"><\/i>                <\/div>\n            \n            \n        <\/div>\n            <div class=\"infobox-content eael-icon-only\">\n                            <h5 class=\"title\">Engagement et motivation des acheteurs<\/h5>\n                                                                                                <p><p style=\"text-align: left;\">Fagara Partners va bien au-del\u00e0 de l\u2019identification des acheteurs potentiels. Nous attirons les acheteurs id\u00e9aux dans le processus, suscitons l\u2019excitation concernant le potentiel de croissance de nos entreprises exceptionnelles clientes, et donnons aux acheteurs des raisons convaincantes de rivaliser, le tout pour offrir les meilleurs r\u00e9sultats.<\/p><\/p>                                                                            <\/div>\n            <\/div>\n\n\t\t\t\t<\/div>\n\t\t\t\t<\/div>\n\t\t\t\t\t<\/div>\n\t\t\t\t<\/div>\n\t\t<div class=\"elementor-element elementor-element-1bb539b e-flex e-con-boxed e-con e-child\" data-id=\"1bb539b\" data-element_type=\"container\" data-settings=\"{&quot;container_type&quot;:&quot;flex&quot;,&quot;content_width&quot;:&quot;boxed&quot;}\">\n\t\t\t\t\t<div class=\"e-con-inner\">\n\t\t\t\t<div class=\"elementor-element elementor-element-757735f eael-infobox-content-align-center eael-infobox-icon-bg-shape-none eael-infobox-icon-hover-bg-shape-none elementor-widget elementor-widget-eael-info-box\" data-id=\"757735f\" data-element_type=\"widget\" data-widget_type=\"eael-info-box.default\">\n\t\t\t\t<div class=\"elementor-widget-container\">\n\t\t\t        <div class=\"eael-infobox\">\n\t            <div class=\"infobox-icon eael-icon-only\">\n\n            \n                            <div class=\"infobox-icon-wrap\">\n                    <i aria-hidden=\"true\" class=\"flaticon-team-1\"><\/i>                <\/div>\n            \n            \n        <\/div>\n            <div class=\"infobox-content eael-icon-only\">\n                            <h5 class=\"title\">Stimulation de la concurrence<\/h5>\n                                                                                                <p>Nous mettons en place un processus concurrentiel solide et nous engageons dans des n\u00e9gociations strat\u00e9giques, plaidant avec t\u00e9nacit\u00e9 jusqu\u2019\u00e0 ce qu\u2019un gagnant clair \u00e9merge avec les termes les plus \u00e9lev\u00e9s et les meilleurs.<\/p>                                                                            <\/div>\n            <\/div>\n\n\t\t\t\t<\/div>\n\t\t\t\t<\/div>\n\t\t\t\t\t<\/div>\n\t\t\t\t<\/div>\n\t\t<div class=\"elementor-element elementor-element-8ed11c4 e-flex e-con-boxed e-con e-child\" data-id=\"8ed11c4\" data-element_type=\"container\" data-settings=\"{&quot;container_type&quot;:&quot;flex&quot;,&quot;content_width&quot;:&quot;boxed&quot;}\">\n\t\t\t\t\t<div class=\"e-con-inner\">\n\t\t\t\t\t<\/div>\n\t\t\t\t<\/div>\n\t\t\t\t\t<\/div>\n\t\t\t\t<\/div>\n\t\t\t\t<\/div>","protected":false},"excerpt":{"rendered":"<p>Vendre votre entreprise Fagara Partners place ses clients sur le podium des gagnants. Nos consultants engagent et motivent les acheteurs qualifi\u00e9s \u00e0 rivaliser augmentant ainsi les valeurs de transaction et [&hellip;]<\/p>","protected":false},"author":1,"featured_media":0,"parent":0,"menu_order":0,"comment_status":"closed","ping_status":"closed","template":"","meta":{"footnotes":""},"class_list":["post-191","page","type-page","status-publish","hentry"],"_links":{"self":[{"href":"https:\/\/ld-holdings.com\/en\/wp-json\/wp\/v2\/pages\/191","targetHints":{"allow":["GET"]}}],"collection":[{"href":"https:\/\/ld-holdings.com\/en\/wp-json\/wp\/v2\/pages"}],"about":[{"href":"https:\/\/ld-holdings.com\/en\/wp-json\/wp\/v2\/types\/page"}],"author":[{"embeddable":true,"href":"https:\/\/ld-holdings.com\/en\/wp-json\/wp\/v2\/users\/1"}],"replies":[{"embeddable":true,"href":"https:\/\/ld-holdings.com\/en\/wp-json\/wp\/v2\/comments?post=191"}],"version-history":[{"count":136,"href":"https:\/\/ld-holdings.com\/en\/wp-json\/wp\/v2\/pages\/191\/revisions"}],"predecessor-version":[{"id":2210,"href":"https:\/\/ld-holdings.com\/en\/wp-json\/wp\/v2\/pages\/191\/revisions\/2210"}],"wp:attachment":[{"href":"https:\/\/ld-holdings.com\/en\/wp-json\/wp\/v2\/media?parent=191"}],"curies":[{"name":"wp","href":"https:\/\/api.w.org\/{rel}","templated":true}]}}