{"id":2806,"date":"2025-09-02T13:48:30","date_gmt":"2025-09-02T11:48:30","guid":{"rendered":"https:\/\/ld-holdings.com\/?page_id=2806"},"modified":"2025-09-02T16:25:14","modified_gmt":"2025-09-02T14:25:14","slug":"mentions-legales-politique-de-protection-des-donnees","status":"publish","type":"page","link":"https:\/\/ld-holdings.com\/en\/mentions-legales-politique-de-protection-des-donnees\/","title":{"rendered":"Mentions l\u00e9gales &amp; Politique de protection des donn\u00e9es"},"content":{"rendered":"<div data-elementor-type=\"wp-page\" data-elementor-id=\"2806\" class=\"elementor elementor-2806\" data-elementor-post-type=\"page\">\n\t\t\t\t\t\t<section class=\"elementor-section elementor-top-section elementor-element elementor-element-123e2a4 elementor-section-boxed elementor-section-height-default elementor-section-height-default\" data-id=\"123e2a4\" data-element_type=\"section\" data-settings=\"{&quot;background_background&quot;:&quot;classic&quot;}\">\n\t\t\t\t\t\t<div class=\"elementor-container elementor-column-gap-default\">\n\t\t\t\t\t<div class=\"elementor-column elementor-col-100 elementor-top-column elementor-element elementor-element-37ad3e1\" data-id=\"37ad3e1\" data-element_type=\"column\">\n\t\t\t<div class=\"elementor-widget-wrap elementor-element-populated\">\n\t\t\t\t\t\t<div class=\"elementor-element elementor-element-122b686 elementor-widget elementor-widget-heading\" data-id=\"122b686\" data-element_type=\"widget\" data-widget_type=\"heading.default\">\n\t\t\t\t<div class=\"elementor-widget-container\">\n\t\t\t<h2 class=\"elementor-heading-title elementor-size-default\">Mentions l\u00e9gales & Politique de protection des donn\u00e9es<\/h2>\t\t<\/div>\n\t\t\t\t<\/div>\n\t\t\t\t\t<\/div>\n\t\t<\/div>\n\t\t\t\t\t<\/div>\n\t\t<\/section>\n\t\t<div class=\"elementor-element elementor-element-874e63a e-flex e-con-boxed e-con e-parent\" data-id=\"874e63a\" data-element_type=\"container\" data-settings=\"{&quot;background_background&quot;:&quot;classic&quot;,&quot;container_type&quot;:&quot;flex&quot;,&quot;content_width&quot;:&quot;boxed&quot;}\" data-core-v316-plus=\"true\">\n\t\t\t\t\t<div class=\"e-con-inner\">\n\t\t<div class=\"elementor-element elementor-element-261738a e-con-full e-flex e-con e-child\" data-id=\"261738a\" data-element_type=\"container\" data-settings=\"{&quot;content_width&quot;:&quot;full&quot;,&quot;container_type&quot;:&quot;flex&quot;}\">\n\t\t\t\t<div class=\"elementor-element elementor-element-2c03de8 elementor-widget elementor-widget-text-editor\" data-id=\"2c03de8\" data-element_type=\"widget\" data-widget_type=\"text-editor.default\">\n\t\t\t\t<div class=\"elementor-widget-container\">\n\t\t\t\t\t\t\t<ol><li><strong> Politique de Confidentialit\u00e9<\/strong><\/li><\/ol><p>At <strong>LD Holdings<\/strong>, la confidentialit\u00e9 et la protection des donn\u00e9es personnelles constituent un engagement fondamental.<\/p><p>Nous collectons et traitons vos donn\u00e9es personnelles conform\u00e9ment au <strong>d\u00e9cret n\u00b0 2013-224 du 22 mars 2013<\/strong> portant protection des donn\u00e9es \u00e0 caract\u00e8re personnel en C\u00f4te d\u2019Ivoire, ainsi qu\u2019aux normes \u00e9dict\u00e9es par l\u2019<strong>Autorit\u00e9 de Protection des Donn\u00e9es Personnelles (APDP)<\/strong>.<\/p><p><strong>Donn\u00e9es collect\u00e9es :<\/strong><\/p><p>Dans le cadre de nos interactions avec les utilisateurs, nous collectons les donn\u00e9es suivantes :<\/p><ul><li>\u202fNom, pr\u00e9nom, adresse e-mail, num\u00e9ro de t\u00e9l\u00e9phone<br \/>\u2022\u202fInformations professionnelles (poste, entreprise, CV, lettre de motivation, etc.) transmises via nos formulaires (contact, candidature, appel \u00e0 projets)<br \/>\u2022\u202fLe cas \u00e9ch\u00e9ant, toute information pertinente<\/li><\/ul><p><strong>Finalit\u00e9s du traitement :<\/strong><\/p><ul><li>\u202fR\u00e9pondre efficacement \u00e0 vos demandes d\u2019information ou de contact<br \/>\u2022\u202fAssurer la gestion et le traitement des candidatures, des appels \u00e0 projets et autres sollicitations professionnelles<br \/>\u2022\u202fMaintenir et renforcer la relation avec nos interlocuteurs (clients, partenaires, candidats) dans le cadre d\u2019\u00e9changes commerciaux, institutionnels ou strat\u00e9giques<br \/>\u2022\u202fRespecter nos obligations l\u00e9gales et r\u00e9glementaires en mati\u00e8re de traitement des donn\u00e9es<\/li><\/ul><p><strong>Vos droits :<\/strong><\/p><p>Vous disposez des droits d\u2019acc\u00e8s, de rectification, d\u2019opposition, de suppression et de portabilit\u00e9 de vos donn\u00e9es personnelles.<\/p><p>Pour exercer ces droits, adressez votre demande \u00e0 : <strong>holding@ld-holdings.com<\/strong><\/p><ol start=\"2\"><li><strong> Mentions L\u00e9gales<\/strong><\/li><\/ol><p><strong>\u00c9diteur du site :<\/strong><\/p><p><strong>LD HOLDINGS<\/strong><br \/>Soci\u00e9t\u00e9 par actions simplifi\u00e9e (SAS) au capital de 50 000 000 FCFA<br \/><strong>Si\u00e8ge social<\/strong> : 1506, Rue Pierre Fakhoury, Immeuble Enical Cocody 2 Plateaux, 8<sup>th<\/sup> Tranche Abidjan<br \/><strong>RCCM<\/strong> : CI-ABJ-2025-B-XXXXXXX<br \/><strong>N\u00b0 Contribuable <\/strong>: XXXXXXXXX<br \/><strong>Phone<\/strong> : <br \/><strong>Email <\/strong>: holding@ld-holdings.com<br \/><strong>Directeur de la publication<\/strong> : Lacin\u00e9 DIABY, Pr\u00e9sident<\/p><p><strong>H\u00e9bergement du site<\/strong> :<br \/>[Nom de l\u2019h\u00e9bergeur]<br \/>[Adresse compl\u00e8te]<br \/>T\u00e9l\u00e9phone : [\u25cf]<br \/>Site : [URL]<\/p>\t\t\t\t\t\t<\/div>\n\t\t\t\t<\/div>\n\t\t\t\t<\/div>\n\t\t\t\t\t<\/div>\n\t\t\t\t<\/div>\n\t\t\t\t<\/div>","protected":false},"excerpt":{"rendered":"<p>Mentions l\u00e9gales &#038; Politique de protection des donn\u00e9es Politique de Confidentialit\u00e9 Chez LD Holdings, la confidentialit\u00e9 et la protection des donn\u00e9es personnelles constituent un engagement fondamental. Nous collectons et traitons [&hellip;]<\/p>","protected":false},"author":1,"featured_media":0,"parent":0,"menu_order":0,"comment_status":"closed","ping_status":"closed","template":"","meta":{"footnotes":""},"class_list":["post-2806","page","type-page","status-publish","hentry"],"_links":{"self":[{"href":"https:\/\/ld-holdings.com\/en\/wp-json\/wp\/v2\/pages\/2806","targetHints":{"allow":["GET"]}}],"collection":[{"href":"https:\/\/ld-holdings.com\/en\/wp-json\/wp\/v2\/pages"}],"about":[{"href":"https:\/\/ld-holdings.com\/en\/wp-json\/wp\/v2\/types\/page"}],"author":[{"embeddable":true,"href":"https:\/\/ld-holdings.com\/en\/wp-json\/wp\/v2\/users\/1"}],"replies":[{"embeddable":true,"href":"https:\/\/ld-holdings.com\/en\/wp-json\/wp\/v2\/comments?post=2806"}],"version-history":[{"count":7,"href":"https:\/\/ld-holdings.com\/en\/wp-json\/wp\/v2\/pages\/2806\/revisions"}],"predecessor-version":[{"id":2814,"href":"https:\/\/ld-holdings.com\/en\/wp-json\/wp\/v2\/pages\/2806\/revisions\/2814"}],"wp:attachment":[{"href":"https:\/\/ld-holdings.com\/en\/wp-json\/wp\/v2\/media?parent=2806"}],"curies":[{"name":"wp","href":"https:\/\/api.w.org\/{rel}","templated":true}]}}