{"id":685,"date":"2024-03-06T17:11:16","date_gmt":"2024-03-06T16:11:16","guid":{"rendered":"https:\/\/ld-holdings.com\/?page_id=685"},"modified":"2024-04-04T15:40:43","modified_gmt":"2024-04-04T13:40:43","slug":"acheter-une-entreprise","status":"publish","type":"page","link":"https:\/\/ld-holdings.com\/en\/acheter-une-entreprise\/","title":{"rendered":"Acheter une entreprise"},"content":{"rendered":"<div data-elementor-type=\"wp-page\" data-elementor-id=\"685\" class=\"elementor elementor-685\" data-elementor-post-type=\"page\">\n\t\t\t\t\t\t<section class=\"elementor-section elementor-top-section elementor-element elementor-element-c4496d4 elementor-section-full_width elementor-section-stretched elementor-section-height-default elementor-section-height-default\" data-id=\"c4496d4\" data-element_type=\"section\" data-settings=\"{&quot;background_background&quot;:&quot;classic&quot;,&quot;stretch_section&quot;:&quot;section-stretched&quot;}\">\n\t\t\t\t\t\t<div class=\"elementor-container elementor-column-gap-default\">\n\t\t\t\t\t<div class=\"elementor-column elementor-col-100 elementor-top-column elementor-element elementor-element-c9aed64\" data-id=\"c9aed64\" data-element_type=\"column\">\n\t\t\t<div class=\"elementor-widget-wrap elementor-element-populated\">\n\t\t\t\t\t\t<div class=\"elementor-element elementor-element-d2554db elementor-widget elementor-widget-image\" data-id=\"d2554db\" data-element_type=\"widget\" data-widget_type=\"image.default\">\n\t\t\t\t<div class=\"elementor-widget-container\">\n\t\t\t\t\t\t\t\t\t\t\t\t\t<img fetchpriority=\"high\" decoding=\"async\" width=\"2194\" height=\"1320\" src=\"https:\/\/ld-holdings.com\/wp-content\/uploads\/2024\/03\/nos-services.jpg\" class=\"attachment-full size-full wp-image-1853\" alt=\"\" srcset=\"https:\/\/ld-holdings.com\/wp-content\/uploads\/2024\/03\/nos-services.jpg 2194w, https:\/\/ld-holdings.com\/wp-content\/uploads\/2024\/03\/nos-services-1024x616.jpg 1024w, https:\/\/ld-holdings.com\/wp-content\/uploads\/2024\/03\/nos-services-768x462.jpg 768w, https:\/\/ld-holdings.com\/wp-content\/uploads\/2024\/03\/nos-services-600x361.jpg 600w\" sizes=\"(max-width: 2194px) 100vw, 2194px\" \/>\t\t\t\t\t\t\t\t\t\t\t\t\t<\/div>\n\t\t\t\t<\/div>\n\t\t\t\t\t<\/div>\n\t\t<\/div>\n\t\t\t\t\t<\/div>\n\t\t<\/section>\n\t\t\t\t<section class=\"elementor-section elementor-top-section elementor-element elementor-element-d0d5d53 elementor-section-boxed elementor-section-height-default elementor-section-height-default\" data-id=\"d0d5d53\" data-element_type=\"section\" data-settings=\"{&quot;background_background&quot;:&quot;classic&quot;}\">\n\t\t\t\t\t\t<div class=\"elementor-container elementor-column-gap-default\">\n\t\t\t\t\t<div class=\"elementor-column elementor-col-50 elementor-top-column elementor-element elementor-element-123ea89\" data-id=\"123ea89\" data-element_type=\"column\">\n\t\t\t<div class=\"elementor-widget-wrap elementor-element-populated\">\n\t\t\t\t\t\t<div class=\"elementor-element elementor-element-56c926b elementor-widget elementor-widget-gva-heading-block\" data-id=\"56c926b\" data-element_type=\"widget\" data-widget_type=\"gva-heading-block.default\">\n\t\t\t\t<div class=\"elementor-widget-container\">\n\t\t\t<div class=\"gva-element-gva-heading-block gva-element\">   <div class=\"align-left style-1 widget gsc-heading box-align-left auto-responsive\">\r\n      <div class=\"content-inner\">\r\n         \r\n                  \r\n           \r\n         \r\n                     <h2 class=\"title\">\r\n               <span>Acheter une entreprise<\/span>\r\n            <\/h2>\r\n                  \r\n         \r\n         \r\n      <\/div>\r\n   <\/div>\r\n<\/div>\t\t<\/div>\n\t\t\t\t<\/div>\n\t\t\t\t<div class=\"elementor-element elementor-element-1c3d36f elementor-widget elementor-widget-image\" data-id=\"1c3d36f\" data-element_type=\"widget\" data-widget_type=\"image.default\">\n\t\t\t\t<div class=\"elementor-widget-container\">\n\t\t\t\t\t\t\t\t\t\t\t\t\t<img decoding=\"async\" width=\"450\" height=\"450\" src=\"https:\/\/ld-holdings.com\/wp-content\/uploads\/2024\/03\/img2.jpg\" class=\"attachment-full size-full wp-image-980\" alt=\"\" srcset=\"https:\/\/ld-holdings.com\/wp-content\/uploads\/2024\/03\/img2.jpg 450w, https:\/\/ld-holdings.com\/wp-content\/uploads\/2024\/03\/img2-175x175.jpg 175w, https:\/\/ld-holdings.com\/wp-content\/uploads\/2024\/03\/img2-300x300.jpg 300w, https:\/\/ld-holdings.com\/wp-content\/uploads\/2024\/03\/img2-180x180.jpg 180w\" sizes=\"(max-width: 450px) 100vw, 450px\" \/>\t\t\t\t\t\t\t\t\t\t\t\t\t<\/div>\n\t\t\t\t<\/div>\n\t\t\t\t<div class=\"elementor-element elementor-element-60f44bd elementor-widget elementor-widget-gva-heading-block\" data-id=\"60f44bd\" data-element_type=\"widget\" data-widget_type=\"gva-heading-block.default\">\n\t\t\t\t<div class=\"elementor-widget-container\">\n\t\t\t<div class=\"gva-element-gva-heading-block gva-element\">   <div class=\"align-center style-1 widget gsc-heading box-align-left auto-responsive\">\r\n      <div class=\"content-inner\">\r\n         \r\n                  \r\n           \r\n         \r\n                     <h2 class=\"title\">\r\n               <span>Aider les PME \u00e0 acqu\u00e9rir de mani\u00e8re strat\u00e9gique<\/span>\r\n            <\/h2>\r\n                  \r\n         \r\n         \r\n      <\/div>\r\n   <\/div>\r\n<\/div>\t\t<\/div>\n\t\t\t\t<\/div>\n\t\t\t\t<div class=\"elementor-element elementor-element-01c1ec1 elementor-widget elementor-widget-text-editor\" data-id=\"01c1ec1\" data-element_type=\"widget\" data-widget_type=\"text-editor.default\">\n\t\t\t\t<div class=\"elementor-widget-container\">\n\t\t\t\t\t\t\t<p>Nous les guidons \u00e0 travers tout le processus de transaction pour identifier les opportunit\u00e9s d&#8217;acquisition, engager et motiver les vendeurs, et n\u00e9gocier le meilleur prix et les meilleures conditions.<\/p><p>Parce que votre temps est pr\u00e9cieux. Que vous souhaitiez d\u00e9velopper votre entreprise ou trouver la bonne entreprise \u00e0 acheter et exploiter :<\/p><ul><li>Nous mobilisons nos experts, nos processus et notre base de donn\u00e9es pour travailler pour vous\u00a0;<\/li><li>Nous d\u00e9roulons notre processus de recherche \u00e9prouv\u00e9 et d\u00e9taill\u00e9 pour vous aider \u00e0 atteindre vos objectifs rapidement.<\/li><\/ul>\t\t\t\t\t\t<\/div>\n\t\t\t\t<\/div>\n\t\t\t\t\t<\/div>\n\t\t<\/div>\n\t\t\t\t<div class=\"elementor-column elementor-col-50 elementor-top-column elementor-element elementor-element-087fda3\" data-id=\"087fda3\" data-element_type=\"column\">\n\t\t\t<div class=\"elementor-widget-wrap elementor-element-populated\">\n\t\t\t\t\t\t<div class=\"elementor-element elementor-element-c925e22 elementor-widget elementor-widget-wp-widget-nav_menu\" data-id=\"c925e22\" data-element_type=\"widget\" data-widget_type=\"wp-widget-nav_menu.default\">\n\t\t\t\t<div class=\"elementor-widget-container\">\n\t\t\t<div class=\"menu-services-container\"><ul id=\"menu-services\" class=\"menu\"><li id=\"menu-item-314\" class=\"menu-item menu-item-type-post_type menu-item-object-page menu-item-314\"><a href=\"https:\/\/ld-holdings.com\/en\/vendre-votre-entreprise\/\">Vendre votre entreprise<\/a><\/li>\n<li id=\"menu-item-689\" class=\"menu-item menu-item-type-post_type menu-item-object-page menu-item-689\"><a href=\"https:\/\/ld-holdings.com\/en\/acheter-une-entreprise\/\">Acheter une entreprise<\/a><\/li>\n<li id=\"menu-item-691\" class=\"menu-item menu-item-type-post_type menu-item-object-page menu-item-691\"><a href=\"https:\/\/ld-holdings.com\/en\/creer-une-entreprise\/\">Cr\u00e9er une entreprise<\/a><\/li>\n<li id=\"menu-item-692\" class=\"menu-item menu-item-type-post_type menu-item-object-page menu-item-692\"><a href=\"https:\/\/ld-holdings.com\/en\/financement-pour-votre-entreprise\/\">financer votre entreprise<\/a><\/li>\n<\/ul><\/div>\t\t<\/div>\n\t\t\t\t<\/div>\n\t\t\t\t<section class=\"elementor-section elementor-inner-section elementor-element elementor-element-d07b0cb elementor-section-boxed elementor-section-height-default elementor-section-height-default\" data-id=\"d07b0cb\" data-element_type=\"section\" data-settings=\"{&quot;background_background&quot;:&quot;classic&quot;}\">\n\t\t\t\t\t\t\t<div class=\"elementor-background-overlay\"><\/div>\n\t\t\t\t\t\t\t<div class=\"elementor-container elementor-column-gap-default\">\n\t\t\t\t\t<div class=\"elementor-column elementor-col-100 elementor-inner-column elementor-element elementor-element-fe6a3ad\" data-id=\"fe6a3ad\" data-element_type=\"column\">\n\t\t\t<div class=\"elementor-widget-wrap elementor-element-populated\">\n\t\t\t\t\t\t<div class=\"elementor-element elementor-element-a0afdd1 elementor-view-stacked elementor-shape-circle elementor-position-top elementor-mobile-position-top elementor-widget elementor-widget-icon-box\" data-id=\"a0afdd1\" data-element_type=\"widget\" data-widget_type=\"icon-box.default\">\n\t\t\t\t<div class=\"elementor-widget-container\">\n\t\t\t\t\t<div class=\"elementor-icon-box-wrapper\">\n\t\t\t\t\t\t<div class=\"elementor-icon-box-icon\">\n\t\t\t\t<span  class=\"elementor-icon elementor-animation-\">\n\t\t\t\t<i aria-hidden=\"true\" class=\"micon__phone-call\"><\/i>\t\t\t\t<\/span>\n\t\t\t<\/div>\n\t\t\t\t\t\t<div class=\"elementor-icon-box-content\">\n\t\t\t\t<h3 class=\"elementor-icon-box-title\">\n\t\t\t\t\t<span  >\n\t\t\t\t\t\tContactez-nous\t\t\t\t\t<\/span>\n\t\t\t\t<\/h3>\n\t\t\t\t\t\t\t<\/div>\n\t\t<\/div>\n\t\t\t\t<\/div>\n\t\t\t\t<\/div>\n\t\t\t\t<div class=\"elementor-element elementor-element-8dd597a elementor-widget elementor-widget-text-editor\" data-id=\"8dd597a\" data-element_type=\"widget\" data-widget_type=\"text-editor.default\">\n\t\t\t\t<div class=\"elementor-widget-container\">\n\t\t\t\t\t\t\t<p><a href=\"http:\/\/+225 07 87 30 64 19\" data-wplink-url-error=\"true\">+225 07 87 30 64 19<\/a><\/p>\t\t\t\t\t\t<\/div>\n\t\t\t\t<\/div>\n\t\t\t\t\t<\/div>\n\t\t<\/div>\n\t\t\t\t\t<\/div>\n\t\t<\/section>\n\t\t\t\t\t<\/div>\n\t\t<\/div>\n\t\t\t\t\t<\/div>\n\t\t<\/section>\n\t\t<div class=\"elementor-element elementor-element-b07d029 e-flex e-con-boxed e-con e-parent\" data-id=\"b07d029\" data-element_type=\"container\" data-settings=\"{&quot;container_type&quot;:&quot;flex&quot;,&quot;content_width&quot;:&quot;boxed&quot;}\" data-core-v316-plus=\"true\">\n\t\t\t\t\t<div class=\"e-con-inner\">\n\t\t\t\t<div class=\"elementor-element elementor-element-8eaf2e3 elementor-widget elementor-widget-gva-heading-block\" data-id=\"8eaf2e3\" data-element_type=\"widget\" data-widget_type=\"gva-heading-block.default\">\n\t\t\t\t<div class=\"elementor-widget-container\">\n\t\t\t<div class=\"gva-element-gva-heading-block gva-element\">   <div class=\"align-center style-1 widget gsc-heading box-align-left auto-responsive\">\r\n      <div class=\"content-inner\">\r\n         \r\n                  \r\n           \r\n         \r\n                     <h2 class=\"title\">\r\n               <span>Ce que nous r\u00e9alisons pour nos clients acheteurs<\/span>\r\n            <\/h2>\r\n                  \r\n         \r\n         \r\n      <\/div>\r\n   <\/div>\r\n<\/div>\t\t<\/div>\n\t\t\t\t<\/div>\n\t\t\t\t\t<\/div>\n\t\t\t\t<\/div>\n\t\t<div class=\"elementor-element elementor-element-fecf9fb e-flex e-con-boxed e-con e-parent\" data-id=\"fecf9fb\" data-element_type=\"container\" data-settings=\"{&quot;background_background&quot;:&quot;classic&quot;,&quot;container_type&quot;:&quot;flex&quot;,&quot;content_width&quot;:&quot;boxed&quot;}\" data-core-v316-plus=\"true\">\n\t\t\t\t\t<div class=\"e-con-inner\">\n\t\t<div class=\"elementor-element elementor-element-83ecd98 e-flex e-con-boxed e-con e-child\" data-id=\"83ecd98\" data-element_type=\"container\" data-settings=\"{&quot;container_type&quot;:&quot;flex&quot;,&quot;content_width&quot;:&quot;boxed&quot;}\">\n\t\t\t\t\t<div class=\"e-con-inner\">\n\t\t\t\t<div class=\"elementor-element elementor-element-b118bd9 eael-infobox-content-align-center eael-infobox-shape-square eael-infobox-hover-img-shape-square elementor-widget elementor-widget-eael-info-box\" data-id=\"b118bd9\" data-element_type=\"widget\" data-widget_type=\"eael-info-box.default\">\n\t\t\t\t<div class=\"elementor-widget-container\">\n\t\t\t        <div class=\"eael-infobox\">\n\t            <div class=\"infobox-icon\">\n\n                            <img decoding=\"async\" src=\"https:\/\/ld-holdings.com\/wp-content\/uploads\/2024\/03\/strategie-de-developpement-1.png\" alt=\"\">\n            \n            \n            \n        <\/div>\n            <div class=\"infobox-content\">\n                            <h5 class=\"title\">D\u00e9velopper la bonne strat\u00e9gie<\/h5>\n                                                                                                <p><p style=\"text-align: left;\">Nos consultants d\u00e9veloppent une strat\u00e9gie d\u2019acquisition compl\u00e8te et \u00e9prouv\u00e9e pour atteindre les objectifs de notre client, un \u00e9l\u00e9ment cl\u00e9 qui sous-tend toute transaction r\u00e9ussie.<\/p><\/p>                                                                            <\/div>\n            <\/div>\n\n\t\t\t\t<\/div>\n\t\t\t\t<\/div>\n\t\t\t\t\t<\/div>\n\t\t\t\t<\/div>\n\t\t<div class=\"elementor-element elementor-element-6c279cb e-flex e-con-boxed e-con e-child\" data-id=\"6c279cb\" data-element_type=\"container\" data-settings=\"{&quot;container_type&quot;:&quot;flex&quot;,&quot;content_width&quot;:&quot;boxed&quot;}\">\n\t\t\t\t\t<div class=\"e-con-inner\">\n\t\t\t\t<div class=\"elementor-element elementor-element-9d6d708 eael-infobox-content-align-center eael-infobox-shape-square eael-infobox-hover-img-shape-square elementor-widget elementor-widget-eael-info-box\" data-id=\"9d6d708\" data-element_type=\"widget\" data-widget_type=\"eael-info-box.default\">\n\t\t\t\t<div class=\"elementor-widget-container\">\n\t\t\t        <div class=\"eael-infobox\">\n\t            <div class=\"infobox-icon\">\n\n                            <img decoding=\"async\" src=\"https:\/\/ld-holdings.com\/wp-content\/uploads\/2024\/03\/cible.png\" alt=\"\">\n            \n            \n            \n        <\/div>\n            <div class=\"infobox-content\">\n                            <h5 class=\"title\">Cr\u00e9er le profil cible id\u00e9al<\/h5>\n                                                                                                <p><p style=\"text-align: left;\">Nous aidons nos clients \u00e0 se concentrer sur les meilleures opportunit\u00e9s d\u2019investissement en d\u00e9finissant le profil optimal pour une cible d\u2019acquisition, en se basant sur des crit\u00e8res tels que les indicateurs cl\u00e9s de performance (KPI), les synergies potentielles, l\u2019ad\u00e9quation culturelle, la g\u00e9ographie et la gamme de produits ou de services.<\/p><\/p>                                                                            <\/div>\n            <\/div>\n\n\t\t\t\t<\/div>\n\t\t\t\t<\/div>\n\t\t\t\t\t<\/div>\n\t\t\t\t<\/div>\n\t\t<div class=\"elementor-element elementor-element-29118bb e-flex e-con-boxed e-con e-child\" data-id=\"29118bb\" data-element_type=\"container\" data-settings=\"{&quot;container_type&quot;:&quot;flex&quot;,&quot;content_width&quot;:&quot;boxed&quot;}\">\n\t\t\t\t\t<div class=\"e-con-inner\">\n\t\t\t\t<div class=\"elementor-element elementor-element-1a9ff15 eael-infobox-content-align-center eael-infobox-shape-square eael-infobox-hover-img-shape-square elementor-widget elementor-widget-eael-info-box\" data-id=\"1a9ff15\" data-element_type=\"widget\" data-widget_type=\"eael-info-box.default\">\n\t\t\t\t<div class=\"elementor-widget-container\">\n\t\t\t        <div class=\"eael-infobox\">\n\t            <div class=\"infobox-icon\">\n\n                            <img decoding=\"async\" src=\"https:\/\/ld-holdings.com\/wp-content\/uploads\/2024\/03\/connaissances.png\" alt=\"\">\n            \n            \n            \n        <\/div>\n            <div class=\"infobox-content\">\n                            <h5 class=\"title\">Identifier les meilleures opportunit\u00e9s<\/h5>\n                                                                                                <p><p style=\"text-align: left;\">Sur la base du profil id\u00e9al, nous identifions les cibles d\u2019acquisition, les engageons et les attirons \u00e0 la table des n\u00e9gociations.<\/p><\/p>                                                                            <\/div>\n            <\/div>\n\n\t\t\t\t<\/div>\n\t\t\t\t<\/div>\n\t\t\t\t\t<\/div>\n\t\t\t\t<\/div>\n\t\t\t\t\t<\/div>\n\t\t\t\t<\/div>\n\t\t<div class=\"elementor-element elementor-element-eff7d0e e-flex e-con-boxed e-con e-parent\" data-id=\"eff7d0e\" data-element_type=\"container\" data-settings=\"{&quot;background_background&quot;:&quot;classic&quot;,&quot;container_type&quot;:&quot;flex&quot;,&quot;content_width&quot;:&quot;boxed&quot;}\" data-core-v316-plus=\"true\">\n\t\t\t\t\t<div class=\"e-con-inner\">\n\t\t<div class=\"elementor-element elementor-element-dc4ba16 e-flex e-con-boxed e-con e-child\" data-id=\"dc4ba16\" data-element_type=\"container\" data-settings=\"{&quot;container_type&quot;:&quot;flex&quot;,&quot;content_width&quot;:&quot;boxed&quot;}\">\n\t\t\t\t\t<div class=\"e-con-inner\">\n\t\t\t\t<div class=\"elementor-element elementor-element-cb27eff eael-infobox-content-align-center eael-infobox-shape-square eael-infobox-hover-img-shape-square elementor-widget elementor-widget-eael-info-box\" data-id=\"cb27eff\" data-element_type=\"widget\" data-widget_type=\"eael-info-box.default\">\n\t\t\t\t<div class=\"elementor-widget-container\">\n\t\t\t        <div class=\"eael-infobox\">\n\t            <div class=\"infobox-icon\">\n\n                            <img decoding=\"async\" src=\"https:\/\/ld-holdings.com\/wp-content\/uploads\/2024\/03\/transaction.png\" alt=\"\">\n            \n            \n            \n        <\/div>\n            <div class=\"infobox-content\">\n                            <h5 class=\"title\">Obtenir la meilleure transaction<\/h5>\n                                                                                                <p><p style=\"text-align: left;\">Notre \u00e9quipe se bat pour obtenir le meilleur prix, les meilleures conditions et les meilleures modalit\u00e9s pour les acheteurs. Nous utilisons des strat\u00e9gies de n\u00e9gociation modernes et \u00e0 hauts enjeux.<\/p><\/p>                                                                            <\/div>\n            <\/div>\n\n\t\t\t\t<\/div>\n\t\t\t\t<\/div>\n\t\t\t\t\t<\/div>\n\t\t\t\t<\/div>\n\t\t<div class=\"elementor-element elementor-element-6a3224f e-flex e-con-boxed e-con e-child\" data-id=\"6a3224f\" data-element_type=\"container\" data-settings=\"{&quot;container_type&quot;:&quot;flex&quot;,&quot;content_width&quot;:&quot;boxed&quot;}\">\n\t\t\t\t\t<div class=\"e-con-inner\">\n\t\t\t\t<div class=\"elementor-element elementor-element-63175f8 eael-infobox-content-align-center eael-infobox-shape-square eael-infobox-hover-img-shape-square elementor-widget elementor-widget-eael-info-box\" data-id=\"63175f8\" data-element_type=\"widget\" data-widget_type=\"eael-info-box.default\">\n\t\t\t\t<div class=\"elementor-widget-container\">\n\t\t\t        <div class=\"eael-infobox\">\n\t            <div class=\"infobox-icon\">\n\n                            <img decoding=\"async\" src=\"https:\/\/ld-holdings.com\/wp-content\/uploads\/2024\/03\/la-finance.png\" alt=\"\">\n            \n            \n            \n        <\/div>\n            <div class=\"infobox-content\">\n                            <h5 class=\"title\">Mettre en place le financement<\/h5>\n                                                                                                <p><p style=\"text-align: left;\">Pour aider \u00e0 conclure la transaction, Fagara Partners fournit un acc\u00e8s \u00e0 des solutions de financement offrant ainsi des options pour r\u00e9pondre \u00e0 la situation de chaque acheteur.<\/p><\/p>                                                                            <\/div>\n            <\/div>\n\n\t\t\t\t<\/div>\n\t\t\t\t<\/div>\n\t\t\t\t\t<\/div>\n\t\t\t\t<\/div>\n\t\t<div class=\"elementor-element elementor-element-6f4e4cc e-flex e-con-boxed e-con e-child\" data-id=\"6f4e4cc\" data-element_type=\"container\" data-settings=\"{&quot;container_type&quot;:&quot;flex&quot;,&quot;content_width&quot;:&quot;boxed&quot;}\">\n\t\t\t\t\t<div class=\"e-con-inner\">\n\t\t\t\t\t<\/div>\n\t\t\t\t<\/div>\n\t\t\t\t\t<\/div>\n\t\t\t\t<\/div>\n\t\t\t\t<\/div>","protected":false},"excerpt":{"rendered":"<p>Acheter une entreprise Aider les PME \u00e0 acqu\u00e9rir de mani\u00e8re strat\u00e9gique Nous les guidons \u00e0 travers tout le processus de transaction pour identifier les opportunit\u00e9s d&#8217;acquisition, engager et motiver les [&hellip;]<\/p>","protected":false},"author":1,"featured_media":0,"parent":0,"menu_order":0,"comment_status":"closed","ping_status":"closed","template":"","meta":{"footnotes":""},"class_list":["post-685","page","type-page","status-publish","hentry"],"_links":{"self":[{"href":"https:\/\/ld-holdings.com\/en\/wp-json\/wp\/v2\/pages\/685","targetHints":{"allow":["GET"]}}],"collection":[{"href":"https:\/\/ld-holdings.com\/en\/wp-json\/wp\/v2\/pages"}],"about":[{"href":"https:\/\/ld-holdings.com\/en\/wp-json\/wp\/v2\/types\/page"}],"author":[{"embeddable":true,"href":"https:\/\/ld-holdings.com\/en\/wp-json\/wp\/v2\/users\/1"}],"replies":[{"embeddable":true,"href":"https:\/\/ld-holdings.com\/en\/wp-json\/wp\/v2\/comments?post=685"}],"version-history":[{"count":115,"href":"https:\/\/ld-holdings.com\/en\/wp-json\/wp\/v2\/pages\/685\/revisions"}],"predecessor-version":[{"id":2303,"href":"https:\/\/ld-holdings.com\/en\/wp-json\/wp\/v2\/pages\/685\/revisions\/2303"}],"wp:attachment":[{"href":"https:\/\/ld-holdings.com\/en\/wp-json\/wp\/v2\/media?parent=685"}],"curies":[{"name":"wp","href":"https:\/\/api.w.org\/{rel}","templated":true}]}}